{"id":1682,"date":"2015-07-22T09:01:51","date_gmt":"2015-07-22T08:01:51","guid":{"rendered":"http:\/\/h2oarchitectes.com\/?page_id=1682"},"modified":"2024-07-23T13:27:44","modified_gmt":"2024-07-23T12:27:44","slug":"about","status":"publish","type":"page","link":"http:\/\/h2oarchitectes.com\/en\/about\/","title":{"rendered":"About"},"content":{"rendered":"<p>h2o architectes is a firm specialized in architectural, heritage and urban design and reconfiguration. It develops a variety of programs on different scales: housing, public spaces, new neighborhoods, work and educational environments, and cultural facilities.<\/p>\n<p>h2o architectes was founded in 2005 by Charlotte and Jean-Jacques Hubert. Antoine Santiard joined as a partner in 2008. In 2016, the three partners created Eug\u00e8ne Architectes du Patrimoine to address the challenges of restoring Heritage status buildings.<\/p>\n<p>Faced with the complexity of the contexts addressed and their heritage or social characters, the firm has built an agile approach, capable of resolving situations in unique ways, through concerted action. Projects are designed to be open-ended, in a finely balanced dialogue with the history of the site, systematically questioned and always enriched.<\/p>\n<p>Initial programs are questioned with the goal of transcending the initial commission and creating renewed sites that can be freely appropriated by their users. More than just spaces, h2o architectes constructs places to be enjoyed and experienced.<\/p>\n<p>&nbsp;<\/p>\n<p>Best Architects 25 Award<\/p>\n<blockquote><p>h2o architectes has won the best architects 25 award. This European award honors the agency and its transformation project of the Malevart garage in Paris into innovative offices for Galia.<\/p>\n<p>&nbsp;<\/p>\n<p><img loading=\"lazy\" decoding=\"async\" class=\" wp-image-4867 alignnone\" src=\"http:\/\/www.h2oarchitectes.com\/content\/uploads\/2024\/07\/bestarchitects25award.jpg\" alt=\"\" width=\"158\" height=\"154\" \/><\/p><\/blockquote>\n<p>&nbsp;<\/p>\n<p>2023 Equerre d\u2019Argent prize<\/p>\n<blockquote><p>h2o architectes won the 2023 Equerre d\u2019Argent prize, France\u2019s highest honor for an architectural project.<br \/>\nThis project for the Saint-Germain neighborhood in central Paris, carried out for RIVP and delivered in collaboration with the firm Fran\u00e7ois Brugel Architectes Associ\u00e9s, also includes a gymnasium and daycare designed by Antoine Regnault Architecture. The courtyard and roof gardens are designed by E&amp;M Hennebicque landscape designer.<\/p>\n<p>&nbsp;<\/p>\n<p><img loading=\"lazy\" decoding=\"async\" class=\"size-full wp-image-4363 alignnone\" src=\"http:\/\/www.h2oarchitectes.com\/content\/uploads\/2023\/11\/sg-2023-equerre_logo-lt-4.jpg\" alt=\"\" width=\"150\" height=\"98\" \/><\/p><\/blockquote>\n<p>&nbsp;<\/p>\n<p>Europe 40 Under 40<\/p>\n<blockquote><p>h2o architectes est laur\u00e9at du Prix \u2018\u2019Europe 40 Under 40\u2019\u2019 ann\u00e9e 2014. Distinction Europ\u00e9enne<br \/>\nd\u00e9cern\u00e9e par The Chicago Athenaeum: Museum of Architecture and Design et The European<br \/>\nCentre for Architecture, Art Design and Urban Studies \u00e0 une s\u00e9lection de 40 architectes<br \/>\neurop\u00e9ens de moins de 40 ans.<\/p>\n<p>&nbsp;<\/p>\n<p><img loading=\"lazy\" decoding=\"async\" class=\"size-full wp-image-1178 alignnone\" src=\"\/content\/uploads\/2015\/07\/40undr40_wb.jpg\" alt=\"40under40_web\" width=\"90\" height=\"94\" srcset=\"http:\/\/h2oarchitectes.com\/content\/uploads\/2015\/07\/40undr40_wb.jpg 90w, http:\/\/h2oarchitectes.com\/content\/uploads\/2015\/07\/40undr40_wb-16x16.jpg 16w\" sizes=\"auto, (max-width: 90px) 100vw, 90px\" \/><\/p>\n<p>&nbsp;<\/p><\/blockquote>\n<p>Wallpaper* architects directory<\/p>\n<blockquote><p>h2o architectes listed on the Wallpaper* architects directory 2009, a selection of 30 young international emerging practices.<\/p>\n<p>&nbsp;<\/p><\/blockquote>\n<blockquote><p><img loading=\"lazy\" decoding=\"async\" class=\"alignnone wp-image-1661 size-full\" src=\"http:\/\/h2oarchitectes.com\/content\/uploads\/2015\/07\/h2o-architectes_wallpaper-2.jpg\" alt=\"h2o-architectes_wallpaper\" width=\"130\" height=\"67\" \/><\/p>\n<p>&nbsp;<\/p><\/blockquote>\n<p>Laur\u00e9at des nouveaux albums des jeunes architectes et paysagistes 2009<\/p>\n<blockquote><p>L\u2019agence est laur\u00e9ate des nouveaux albums des jeunes architectes et paysagistes, un prix du<br \/>\nMinist\u00e8re de la culture et de la communication r\u00e9compensant les jeunes architectes, et destin\u00e9 \u00e0<br \/>\nles encourager dans la suite de leur activit\u00e9.<\/p>\n<p>&nbsp;<\/p>\n<p><img loading=\"lazy\" decoding=\"async\" class=\"size-full wp-image-1179 alignnone\" src=\"\/content\/uploads\/2015\/07\/AJAP_wb.jpg\" alt=\"AJAP_web\" width=\"61\" height=\"95\" \/><\/p><\/blockquote>\n","protected":false},"excerpt":{"rendered":"<p>h2o architectes is a firm specialized in architectural, heritage and urban design and reconfiguration. It develops a variety of programs on different scales: housing, public spaces, new neighborhoods, work and educational environments, and cultural facilities. h2o architectes was founded in 2005 by Charlotte and Jean-Jacques Hubert. Antoine Santiard joined as a partner in 2008. In [&hellip;]<\/p>\n","protected":false},"author":5,"featured_media":1184,"parent":0,"menu_order":2,"comment_status":"open","ping_status":"closed","template":"templates\/tpl_page_simple.php","meta":{"_acf_changed":false,"footnotes":""},"class_list":["post-1682","page","type-page","status-publish","has-post-thumbnail","hentry"],"acf":[],"yoast_head":"<!-- This site is optimized with the Yoast SEO plugin v27.2 - https:\/\/yoast.com\/product\/yoast-seo-wordpress\/ -->\n<title>About - h2o architectes<\/title>\n<meta name=\"robots\" content=\"index, follow, max-snippet:-1, max-image-preview:large, max-video-preview:-1\" \/>\n<link rel=\"canonical\" href=\"https:\/\/www.h2oarchitectes.com\/en\/about\/\" \/>\n<meta property=\"og:locale\" content=\"en_US\" \/>\n<meta property=\"og:type\" content=\"article\" \/>\n<meta property=\"og:title\" content=\"About - h2o architectes\" \/>\n<meta property=\"og:description\" content=\"h2o architectes is a firm specialized in architectural, heritage and urban design and reconfiguration. It develops a variety of programs on different scales: housing, public spaces, new neighborhoods, work and educational environments, and cultural facilities. h2o architectes was founded in 2005 by Charlotte and Jean-Jacques Hubert. Antoine Santiard joined as a partner in 2008. In [&hellip;]\" \/>\n<meta property=\"og:url\" content=\"https:\/\/www.h2oarchitectes.com\/en\/about\/\" \/>\n<meta property=\"og:site_name\" content=\"h2o architectes\" \/>\n<meta property=\"article:modified_time\" content=\"2024-07-23T12:27:44+00:00\" \/>\n<meta property=\"og:image\" content=\"https:\/\/www.h2oarchitectes.com\/content\/uploads\/2015\/07\/h2o.jpg\" \/>\n\t<meta property=\"og:image:width\" content=\"1600\" \/>\n\t<meta property=\"og:image:height\" content=\"1280\" \/>\n\t<meta property=\"og:image:type\" content=\"image\/jpeg\" \/>\n<meta name=\"twitter:card\" content=\"summary_large_image\" \/>\n<meta name=\"twitter:label1\" content=\"Est. reading time\" \/>\n\t<meta name=\"twitter:data1\" content=\"2 minutes\" \/>\n<script type=\"application\/ld+json\" class=\"yoast-schema-graph\">{\"@context\":\"https:\/\/schema.org\",\"@graph\":[{\"@type\":\"WebPage\",\"@id\":\"https:\/\/www.h2oarchitectes.com\/en\/about\/\",\"url\":\"https:\/\/www.h2oarchitectes.com\/en\/about\/\",\"name\":\"About - h2o architectes\",\"isPartOf\":{\"@id\":\"https:\/\/h2oarchitectes.com\/en\/#website\"},\"primaryImageOfPage\":{\"@id\":\"https:\/\/www.h2oarchitectes.com\/en\/about\/#primaryimage\"},\"image\":{\"@id\":\"https:\/\/www.h2oarchitectes.com\/en\/about\/#primaryimage\"},\"thumbnailUrl\":\"http:\/\/h2oarchitectes.com\/content\/uploads\/2015\/07\/h2o.jpg\",\"datePublished\":\"2015-07-22T08:01:51+00:00\",\"dateModified\":\"2024-07-23T12:27:44+00:00\",\"breadcrumb\":{\"@id\":\"https:\/\/www.h2oarchitectes.com\/en\/about\/#breadcrumb\"},\"inLanguage\":\"en-US\",\"potentialAction\":[{\"@type\":\"ReadAction\",\"target\":[\"https:\/\/www.h2oarchitectes.com\/en\/about\/\"]}]},{\"@type\":\"ImageObject\",\"inLanguage\":\"en-US\",\"@id\":\"https:\/\/www.h2oarchitectes.com\/en\/about\/#primaryimage\",\"url\":\"http:\/\/h2oarchitectes.com\/content\/uploads\/2015\/07\/h2o.jpg\",\"contentUrl\":\"http:\/\/h2oarchitectes.com\/content\/uploads\/2015\/07\/h2o.jpg\",\"width\":1600,\"height\":1280},{\"@type\":\"BreadcrumbList\",\"@id\":\"https:\/\/www.h2oarchitectes.com\/en\/about\/#breadcrumb\",\"itemListElement\":[{\"@type\":\"ListItem\",\"position\":1,\"name\":\"Accueil\",\"item\":\"https:\/\/h2oarchitectes.com\/en\/\"},{\"@type\":\"ListItem\",\"position\":2,\"name\":\"About\"}]},{\"@type\":\"WebSite\",\"@id\":\"https:\/\/h2oarchitectes.com\/en\/#website\",\"url\":\"https:\/\/h2oarchitectes.com\/en\/\",\"name\":\"h2o architectes\",\"description\":\"Architectes\",\"potentialAction\":[{\"@type\":\"SearchAction\",\"target\":{\"@type\":\"EntryPoint\",\"urlTemplate\":\"https:\/\/h2oarchitectes.com\/en\/?s={search_term_string}\"},\"query-input\":{\"@type\":\"PropertyValueSpecification\",\"valueRequired\":true,\"valueName\":\"search_term_string\"}}],\"inLanguage\":\"en-US\"}]}<\/script>\n<!-- \/ Yoast SEO plugin. -->","yoast_head_json":{"title":"About - h2o architectes","robots":{"index":"index","follow":"follow","max-snippet":"max-snippet:-1","max-image-preview":"max-image-preview:large","max-video-preview":"max-video-preview:-1"},"canonical":"https:\/\/www.h2oarchitectes.com\/en\/about\/","og_locale":"en_US","og_type":"article","og_title":"About - h2o architectes","og_description":"h2o architectes is a firm specialized in architectural, heritage and urban design and reconfiguration. It develops a variety of programs on different scales: housing, public spaces, new neighborhoods, work and educational environments, and cultural facilities. h2o architectes was founded in 2005 by Charlotte and Jean-Jacques Hubert. Antoine Santiard joined as a partner in 2008. In [&hellip;]","og_url":"https:\/\/www.h2oarchitectes.com\/en\/about\/","og_site_name":"h2o architectes","article_modified_time":"2024-07-23T12:27:44+00:00","og_image":[{"width":1600,"height":1280,"url":"https:\/\/www.h2oarchitectes.com\/content\/uploads\/2015\/07\/h2o.jpg","type":"image\/jpeg"}],"twitter_card":"summary_large_image","twitter_misc":{"Est. reading time":"2 minutes"},"schema":{"@context":"https:\/\/schema.org","@graph":[{"@type":"WebPage","@id":"https:\/\/www.h2oarchitectes.com\/en\/about\/","url":"https:\/\/www.h2oarchitectes.com\/en\/about\/","name":"About - h2o architectes","isPartOf":{"@id":"https:\/\/h2oarchitectes.com\/en\/#website"},"primaryImageOfPage":{"@id":"https:\/\/www.h2oarchitectes.com\/en\/about\/#primaryimage"},"image":{"@id":"https:\/\/www.h2oarchitectes.com\/en\/about\/#primaryimage"},"thumbnailUrl":"http:\/\/h2oarchitectes.com\/content\/uploads\/2015\/07\/h2o.jpg","datePublished":"2015-07-22T08:01:51+00:00","dateModified":"2024-07-23T12:27:44+00:00","breadcrumb":{"@id":"https:\/\/www.h2oarchitectes.com\/en\/about\/#breadcrumb"},"inLanguage":"en-US","potentialAction":[{"@type":"ReadAction","target":["https:\/\/www.h2oarchitectes.com\/en\/about\/"]}]},{"@type":"ImageObject","inLanguage":"en-US","@id":"https:\/\/www.h2oarchitectes.com\/en\/about\/#primaryimage","url":"http:\/\/h2oarchitectes.com\/content\/uploads\/2015\/07\/h2o.jpg","contentUrl":"http:\/\/h2oarchitectes.com\/content\/uploads\/2015\/07\/h2o.jpg","width":1600,"height":1280},{"@type":"BreadcrumbList","@id":"https:\/\/www.h2oarchitectes.com\/en\/about\/#breadcrumb","itemListElement":[{"@type":"ListItem","position":1,"name":"Accueil","item":"https:\/\/h2oarchitectes.com\/en\/"},{"@type":"ListItem","position":2,"name":"About"}]},{"@type":"WebSite","@id":"https:\/\/h2oarchitectes.com\/en\/#website","url":"https:\/\/h2oarchitectes.com\/en\/","name":"h2o architectes","description":"Architectes","potentialAction":[{"@type":"SearchAction","target":{"@type":"EntryPoint","urlTemplate":"https:\/\/h2oarchitectes.com\/en\/?s={search_term_string}"},"query-input":{"@type":"PropertyValueSpecification","valueRequired":true,"valueName":"search_term_string"}}],"inLanguage":"en-US"}]}},"_links":{"self":[{"href":"http:\/\/h2oarchitectes.com\/en\/wp-json\/wp\/v2\/pages\/1682","targetHints":{"allow":["GET"]}}],"collection":[{"href":"http:\/\/h2oarchitectes.com\/en\/wp-json\/wp\/v2\/pages"}],"about":[{"href":"http:\/\/h2oarchitectes.com\/en\/wp-json\/wp\/v2\/types\/page"}],"author":[{"embeddable":true,"href":"http:\/\/h2oarchitectes.com\/en\/wp-json\/wp\/v2\/users\/5"}],"replies":[{"embeddable":true,"href":"http:\/\/h2oarchitectes.com\/en\/wp-json\/wp\/v2\/comments?post=1682"}],"version-history":[{"count":4,"href":"http:\/\/h2oarchitectes.com\/en\/wp-json\/wp\/v2\/pages\/1682\/revisions"}],"predecessor-version":[{"id":4881,"href":"http:\/\/h2oarchitectes.com\/en\/wp-json\/wp\/v2\/pages\/1682\/revisions\/4881"}],"wp:featuredmedia":[{"embeddable":true,"href":"http:\/\/h2oarchitectes.com\/en\/wp-json\/wp\/v2\/media\/1184"}],"wp:attachment":[{"href":"http:\/\/h2oarchitectes.com\/en\/wp-json\/wp\/v2\/media?parent=1682"}],"curies":[{"name":"wp","href":"https:\/\/api.w.org\/{rel}","templated":true}]}}