{"id":594,"date":"2015-09-22T13:29:08","date_gmt":"2015-09-22T12:29:08","guid":{"rendered":"http:\/\/h2oarchitectes.com\/?page_id=594"},"modified":"2026-03-06T17:52:24","modified_gmt":"2026-03-06T16:52:24","slug":"the-office","status":"publish","type":"page","link":"http:\/\/h2oarchitectes.com\/en\/about\/the-office\/","title":{"rendered":"Office"},"content":{"rendered":"<p>h2o architectes<\/p>\n<blockquote><p>10 Cit\u00e9 d&#8217;Angoul\u00eame, left-left corner stairs, 2nd floor left, 75011 Paris &#8211; France<br \/>\nT: 0033 9 64 00 52 81<br \/>\nF: 0033 1 44 54 91 64<br \/>\ncontact @ h2oarchitectes.com<br \/>\ncv @ h2oarchitectes.com<br \/>\npresse @ h2oarchitectes.com<br \/>\n<a href=\"https:\/\/www.instagram.com\/h2o_architectes\/\" target=\"_blank\" rel=\"noopener noreferrer\">instagram <\/a>@h2o_architectes<\/p><\/blockquote>\n<p>Architects partners<\/p>\n<p>Charlotte Hubert<\/p>\n<blockquote><p>Graduated from the Paris-Belleville National School of Architecture in 1999, \u00c9cole de Chaillot in 2003. Chief Architect Historic Monuments Department since 2016. Member of the Commission Nationale du Patrimoine et de l\u2019Architecture since 2007. Lecturer at the \u00c9cole Nationale Sup\u00e9rieure d\u2019Architecture in Nancy, 2011\u20132016. Currently lecturing at the University of Angers. Created h2o architectes with Jean-Jacques Hubert, 2005. Laureate Nouveaux Albums des Jeunes Architectes et des Paysagistes, 2008. In 2016, with Jean-Jacques Hubert and Antoine Santiard, created Eug\u00e8ne Architectes du Patrimoine, specialising in the restoration of historic monuments.<\/p><\/blockquote>\n<p>Jean-Jacques Hubert<\/p>\n<blockquote><p>Graduated from the Nantes National School of Architecture in 1999. Teacher at the \u00c9cole Sup\u00e9rieure des Arts et Techniques, Paris, 2006\u20132010. Associate author at \u201cDess(e)ins\u201d, creative drawing observatory, since 2012.<br \/>\nCreated h2o architectes with Charlotte Hubert, 2005. Laureate Nouveaux Albums des Jeunes Architectes et des Paysagistes, 2008. In 2016, with Charlotte Hubert and Antoine Santiard, created Eug\u00e8ne Architectes du Patrimoine, specialising in the restoration of historic monuments.<\/p><\/blockquote>\n<p>Antoine Santiard<\/p>\n<blockquote><p>Architect, graduated from the \u00c9cole Polytechnique F\u00e9d\u00e9rale in Lausanne in 2001. Teacher at the Paris-Val de Seine National School of Architecture, 2010\u20132012 and Paris-Malaquais, 2007\u20132010. Has been teaching on the New York\/Paris program at the Graduate School of Architecture, Planning and Preservation, Columbia University since 2012 and at \u00c9NSA Versailles since 2023. Joined h2o architectes as a partner, 2008.<br \/>\nIn 2016, with Charlotte Hubert and Jean-Jacques Hubert, created Eug\u00e8ne Architectes du Patrimoine,<br \/>\nspecialising in the restoration of historic monuments.<\/p><\/blockquote>\n<p>Eug\u00e8ne Architectes du Patrimoine<\/p>\n<blockquote><p><a href=\"https:\/\/www.google.com\/search?client=firefox-b-d&amp;q=eugene+architecte+du+patrimoine\" target=\"_blank\" rel=\"noopener\">www.eugenearchitectes.com<\/a><br \/>\ncontact @ eugenearchitectes.com<br \/>\n<a href=\"https:\/\/www.instagram.com\/eugenearchitectesdupatrimoine\/?hl=fr\">instagram<\/a> @eugenearchitectesdupatrimoine<\/p><\/blockquote>\n<p>&nbsp;<\/p>\n<p>Office manager<\/p>\n<p>C\u00e9line Lebreton<\/p>\n<blockquote><p>C\u00e9line graduated as an architect from the Ecole d&#8217;architecture de Paris Val-de-Seine in 2012 and Paris Malaquais in 2014. She has been collaborating with h2o architectes since 2016.<\/p>\n<p>&nbsp;<\/p><\/blockquote>\n<p>Administration<\/p>\n<p>Muriel Furbury<\/p>\n<blockquote><p>Administrative and finance manager<\/p><\/blockquote>\n<p>H\u00e9l\u00e8ne Maes<\/p>\n<blockquote><p>Communication and development manager<\/p><\/blockquote>\n<p>&nbsp;<\/p>\n<p>Team<\/p>\n<p>Jo\u00eblle Agarande<\/p>\n<blockquote><p>Jo\u00eblle graduated as an architect from the Ecole d&#8217;architecture de Versailles and HMNOP in 2011. She has been collaborating with h2o architectes since 2018.<\/p><\/blockquote>\n<p>Eloi Bidaud<\/p>\n<blockquote><p>Eloi graduated as an architect from the Ecole d&#8217;architecture de Nantes in 2022. Has been collaborating with h2o architectes since 2023.<\/p><\/blockquote>\n<p>Luke Gates<\/p>\n<blockquote><p>Luke graduated from University of Virginia, Charlottesville, Virginia, in 2014, and from the Ecole d\u2019Architecture de Paris-Val de Seine and Universit\u00e0 Iuav di Venezia in 2022. He has been collaborating with h2o architectes since 2022.<\/p><\/blockquote>\n<p>Nicola Gurrieri<\/p>\n<blockquote><p>Nicola gratuated as an architect from the Technical University of Berlin in 2019. He has been collaborating with h2o architectes since 2025.<\/p><\/blockquote>\n<p>Charlotte Linder<\/p>\n<blockquote><p>Charlotte graduated as an architect from the Ecole d&#8217;architecture de Versailles in 2018 and HMNOP in 2021. She has been collaborating with h2o architectes since 2021.<\/p><\/blockquote>\n<p>Marie d&#8217;Oncieu<\/p>\n<blockquote><p>Marie gratuaded as an architect from the Ecole d&#8217;Architecture de Paris Malaquais in 2019, and from the Aalto University in 2022 for a wood program specialization. She has been collaborating with h2o architectes from 2018 to 2021 and since 2024.<\/p><\/blockquote>\n<p>Math\u00e9o Duquesne<\/p>\n<blockquote><p>Math\u00e9o, gratuaded as an architect from the l&#8217;Ecole Nationale Sup\u00e9rieure de Bretagne in 2024. He has been collaborating with h2o architectes since 2024.<\/p><\/blockquote>\n<p>Augustin Prevost<\/p>\n<blockquote><p>Augustin graduated as an architect from the \u00c9cole Nationale Sup\u00e9rieure d&#8217;Architecture de Paris Val de Seine in 2016 and \u00c9NSA Marseille in 2023. He has been collaborating with h2o architectes since 2025.<\/p><\/blockquote>\n<p>Ava Rastegar<\/p>\n<blockquote><p>Ava graduated as an architect from the Ecole d&#8217;Architecture de Paris Malaquais 2018 and 2019. She has been collaborating with h2o architectes since 2023.<\/p><\/blockquote>\n<p>Etienne Remaud<\/p>\n<blockquote><p>Etienne graduated as an architect and engineer from the \u00c9cole Nationale Sup\u00e9rieure d&#8217;Architecture de Rennes in 2024 and INSA Toulouse in 2022. He has been collaborating with h2o architectes since 2025.<\/p><\/blockquote>\n<p>Tanguy Richard<\/p>\n<blockquote><p>Tanguy graduated as an architect from the Ecole d&#8217;Architecture de Nantes and urban planner for the Universit\u00e9 de Nantes in 2024. He has been collaborating with h2o architectes since 2025.<\/p><\/blockquote>\n<p>Lou Tafforeau<\/p>\n<blockquote><p>Lou graduated as an architect from the Ecole Nationale Sup\u00e9rieure de Nantes 2018 and 2019. She has been collaborating with h2o architectes since 2024.<\/p><\/blockquote>\n<p>Barth\u00e9l\u00e9mi Zha<\/p>\n<blockquote><p>Barth\u00e9l\u00e9mi graduated as an architect from the Ecole Nationale Sup\u00e9rieure Paris Malaquais 2018. He has been collaborating with h2o architectes since 2022.<\/p><\/blockquote>\n<p>Collaborations since 2008<\/p>\n<blockquote><p>Ghita Aaddaj &#8211; architect<br \/>\nJonathan Alotto &#8211; architect<br \/>\nSam Ay Goda &#8211; architect<br \/>\nAstrid Aslanian<br \/>\nJoachim Badaoui<br \/>\nNo\u00e9mie Bercot &#8211; administrative manager<br \/>\nMargot Berthaume<br \/>\nPauline Besan\u00e7on<br \/>\nYann Beuzit<br \/>\nArnaud Bobet &#8211; architect<br \/>\nPaul Boileau &#8211; architect<br \/>\nMayeul Bouchard<br \/>\nCharlyne Bourin<br \/>\nAd\u00e9la\u00efde Breuvart &#8211; architect<br \/>\nJoshua Burton<br \/>\nBeatriz Campos<br \/>\nArnaud Cesar<br \/>\nTiffany Chu<br \/>\nJermaine Coley-Hines<br \/>\nClara Corominas Gener<br \/>\nMathieu Crabouillet<br \/>\nCl\u00e9ment Dauvilliers &#8211; architect<br \/>\nOc\u00e9ane Dehaynain<br \/>\nTristan Delagneau<br \/>\nCharles Derilleux-Bes &#8211; architect<br \/>\nRudy Dieudonne<br \/>\nThomas Ducher &#8211; architect<br \/>\nAlice Dufourmantelle &#8211; architect<br \/>\nBasile Dumay<br \/>\nSol\u00e8ne Duplessis &#8211; architect<br \/>\nMath\u00e9o Duquesne<br \/>\nClaire Fachetti<br \/>\nHenrik Fett<br \/>\nMarcello Ferrara &#8211; architect<br \/>\nAnouck Foch &#8211; architect<br \/>\nMaria Giulia Folonari<br \/>\nGuillaume Fournel<br \/>\nDamien Fregefond &#8211; architect<br \/>\nB\u00e9rang\u00e8re Fran\u00e7ois<br \/>\nFanette Fressynet<br \/>\nPierre Gaboriaud &#8211; architect<br \/>\nFan\u00e7ois Gastesoleil<br \/>\nMarie Gatti<br \/>\nL\u00e9a Gelineau<br \/>\nNicolas Grillet<br \/>\nPierre Gommier &#8211; architect<br \/>\nAur\u00e9lien Gosset &#8211; architect<br \/>\nNad\u00e8ge Goudard<br \/>\nBaptiste Guastavino<br \/>\nChiara Guidoni<br \/>\nAlexandra Guiot &#8211; administration<br \/>\nMontserrat Guzman &#8211; architect<br \/>\nNicolas Grillet<br \/>\nLaure Hamelin &#8211; architecte<br \/>\nOcyane Hamon<br \/>\nNestor Ivanov &#8211; architect office manager<br \/>\nElioth Jeantet &#8211; architect<br \/>\nJieun Kim<br \/>\nBumjin Kim<br \/>\nAmbre Labat<br \/>\nArnaud Latran<br \/>\nBelen Laqueche<br \/>\n\u00c9l\u00e9onore Legrand &#8211; architect<br \/>\nAnge Lem\u00e9e<br \/>\nErwan Le Meur<br \/>\nVictoria Lenne<br \/>\nMarie Lennon &#8211; architect<br \/>\nCyrielle Leonard<br \/>\nMatias Madariaga Ramirez<br \/>\nMalgorzata Los &#8211; architect<br \/>\nMartial Marquet &#8211; architect<br \/>\nL\u00e9o Martial<br \/>\nNicolas Maugery<br \/>\nMathieu Moncomble<br \/>\nEdgar Monnet<br \/>\nAndrea Negri Poma<br \/>\nNatalia Orbai &#8211; architect<br \/>\nIlaria Peru<br \/>\nVanille Pfeffer<br \/>\nJakob Podversic<br \/>\nLaurent Pottier &#8211; architect<br \/>\nKrzysztof Pydo<br \/>\nMatias Ramirez<br \/>\nLucie R\u00e9au &#8211; architect<br \/>\nMathilde Reiss &#8211; architect<br \/>\nCamille Renault &#8211; architect<br \/>\nZo\u00e9 Robert<br \/>\nJuan Manuel Rodriguez Rosasco<br \/>\nIn\u00e8s Roig<br \/>\nLucie Rossignol &#8211; architect<br \/>\nLeo Sandoz<br \/>\nChiara Saib<br \/>\nGodefroy Saint-Georges<br \/>\nLoredana Salavastru<br \/>\nClara Salinas \u00c1lvarez<br \/>\nMarta Squintani<br \/>\nSemiha Sude \u00d6zfen<br \/>\nFlorence Tach\u00e9 &#8211; architect<br \/>\nEloi Toury-Arlaud<br \/>\nGr\u00e9goire Truffaut<br \/>\nAntoine Vedel<br \/>\nVictoria Vulliety<br \/>\nKatharina Westphalen<br \/>\nEmma Yergat<br \/>\nDafina Zariqi<\/p><\/blockquote>\n","protected":false},"excerpt":{"rendered":"<p>h2o architectes 10 Cit\u00e9 d&#8217;Angoul\u00eame, left-left corner stairs, 2nd floor left, 75011 Paris &#8211; France T: 0033 9 64 00 52 81 F: 0033 1 44 54 91 64 contact @ h2oarchitectes.com cv @ h2oarchitectes.com presse @ h2oarchitectes.com instagram @h2o_architectes Architects partners Charlotte Hubert Graduated from the Paris-Belleville National School of Architecture in 1999, \u00c9cole [&hellip;]<\/p>\n","protected":false},"author":5,"featured_media":1185,"parent":1682,"menu_order":1,"comment_status":"open","ping_status":"closed","template":"templates\/tpl_page_simple.php","meta":{"_acf_changed":false,"footnotes":""},"class_list":["post-594","page","type-page","status-publish","has-post-thumbnail","hentry"],"acf":[],"yoast_head":"<!-- This site is optimized with the Yoast SEO plugin v27.2 - https:\/\/yoast.com\/product\/yoast-seo-wordpress\/ -->\n<title>Office - h2o architectes<\/title>\n<meta name=\"robots\" content=\"index, follow, max-snippet:-1, max-image-preview:large, max-video-preview:-1\" \/>\n<link rel=\"canonical\" href=\"http:\/\/gmrrowj.cluster031.hosting.ovh.net\/en\/about\/the-office\/\" \/>\n<meta property=\"og:locale\" content=\"en_US\" \/>\n<meta property=\"og:type\" content=\"article\" \/>\n<meta property=\"og:title\" content=\"Office - h2o architectes\" \/>\n<meta property=\"og:description\" content=\"h2o architectes 10 Cit\u00e9 d&#8217;Angoul\u00eame, left-left corner stairs, 2nd floor left, 75011 Paris &#8211; France T: 0033 9 64 00 52 81 F: 0033 1 44 54 91 64 contact @ h2oarchitectes.com cv @ h2oarchitectes.com presse @ h2oarchitectes.com instagram @h2o_architectes Architects partners Charlotte Hubert Graduated from the Paris-Belleville National School of Architecture in 1999, \u00c9cole [&hellip;]\" \/>\n<meta property=\"og:url\" content=\"http:\/\/gmrrowj.cluster031.hosting.ovh.net\/en\/about\/the-office\/\" \/>\n<meta property=\"og:site_name\" content=\"h2o architectes\" \/>\n<meta property=\"article:modified_time\" content=\"2026-03-06T16:52:24+00:00\" \/>\n<meta property=\"og:image\" content=\"http:\/\/gmrrowj.cluster031.hosting.ovh.net\/content\/uploads\/2015\/07\/offc.jpg\" \/>\n\t<meta property=\"og:image:width\" content=\"1600\" \/>\n\t<meta property=\"og:image:height\" content=\"1280\" \/>\n\t<meta property=\"og:image:type\" content=\"image\/jpeg\" \/>\n<meta name=\"twitter:card\" content=\"summary_large_image\" \/>\n<meta name=\"twitter:label1\" content=\"Est. reading time\" \/>\n\t<meta name=\"twitter:data1\" content=\"1 minute\" \/>\n<script type=\"application\/ld+json\" class=\"yoast-schema-graph\">{\"@context\":\"https:\/\/schema.org\",\"@graph\":[{\"@type\":\"WebPage\",\"@id\":\"http:\/\/gmrrowj.cluster031.hosting.ovh.net\/en\/about\/the-office\/\",\"url\":\"http:\/\/gmrrowj.cluster031.hosting.ovh.net\/en\/about\/the-office\/\",\"name\":\"Office - h2o architectes\",\"isPartOf\":{\"@id\":\"http:\/\/h2oarchitectes.com\/#website\"},\"primaryImageOfPage\":{\"@id\":\"http:\/\/gmrrowj.cluster031.hosting.ovh.net\/en\/about\/the-office\/#primaryimage\"},\"image\":{\"@id\":\"http:\/\/gmrrowj.cluster031.hosting.ovh.net\/en\/about\/the-office\/#primaryimage\"},\"thumbnailUrl\":\"http:\/\/h2oarchitectes.com\/content\/uploads\/2015\/07\/offc.jpg\",\"datePublished\":\"2015-09-22T12:29:08+00:00\",\"dateModified\":\"2026-03-06T16:52:24+00:00\",\"breadcrumb\":{\"@id\":\"http:\/\/gmrrowj.cluster031.hosting.ovh.net\/en\/about\/the-office\/#breadcrumb\"},\"inLanguage\":\"en-US\",\"potentialAction\":[{\"@type\":\"ReadAction\",\"target\":[\"http:\/\/gmrrowj.cluster031.hosting.ovh.net\/en\/about\/the-office\/\"]}]},{\"@type\":\"ImageObject\",\"inLanguage\":\"en-US\",\"@id\":\"http:\/\/gmrrowj.cluster031.hosting.ovh.net\/en\/about\/the-office\/#primaryimage\",\"url\":\"http:\/\/h2oarchitectes.com\/content\/uploads\/2015\/07\/offc.jpg\",\"contentUrl\":\"http:\/\/h2oarchitectes.com\/content\/uploads\/2015\/07\/offc.jpg\",\"width\":1600,\"height\":1280},{\"@type\":\"BreadcrumbList\",\"@id\":\"http:\/\/gmrrowj.cluster031.hosting.ovh.net\/en\/about\/the-office\/#breadcrumb\",\"itemListElement\":[{\"@type\":\"ListItem\",\"position\":1,\"name\":\"Accueil\",\"item\":\"http:\/\/www.h2oarchitectes.com\/en\/\"},{\"@type\":\"ListItem\",\"position\":2,\"name\":\"About\",\"item\":\"http:\/\/www.h2oarchitectes.com\/en\/about\/\"},{\"@type\":\"ListItem\",\"position\":3,\"name\":\"Office\"}]},{\"@type\":\"WebSite\",\"@id\":\"http:\/\/h2oarchitectes.com\/#website\",\"url\":\"http:\/\/h2oarchitectes.com\/\",\"name\":\"h2o architectes\",\"description\":\"Architectes\",\"potentialAction\":[{\"@type\":\"SearchAction\",\"target\":{\"@type\":\"EntryPoint\",\"urlTemplate\":\"http:\/\/h2oarchitectes.com\/?s={search_term_string}\"},\"query-input\":{\"@type\":\"PropertyValueSpecification\",\"valueRequired\":true,\"valueName\":\"search_term_string\"}}],\"inLanguage\":\"en-US\"}]}<\/script>\n<!-- \/ Yoast SEO plugin. -->","yoast_head_json":{"title":"Office - h2o architectes","robots":{"index":"index","follow":"follow","max-snippet":"max-snippet:-1","max-image-preview":"max-image-preview:large","max-video-preview":"max-video-preview:-1"},"canonical":"http:\/\/gmrrowj.cluster031.hosting.ovh.net\/en\/about\/the-office\/","og_locale":"en_US","og_type":"article","og_title":"Office - h2o architectes","og_description":"h2o architectes 10 Cit\u00e9 d&#8217;Angoul\u00eame, left-left corner stairs, 2nd floor left, 75011 Paris &#8211; France T: 0033 9 64 00 52 81 F: 0033 1 44 54 91 64 contact @ h2oarchitectes.com cv @ h2oarchitectes.com presse @ h2oarchitectes.com instagram @h2o_architectes Architects partners Charlotte Hubert Graduated from the Paris-Belleville National School of Architecture in 1999, \u00c9cole [&hellip;]","og_url":"http:\/\/gmrrowj.cluster031.hosting.ovh.net\/en\/about\/the-office\/","og_site_name":"h2o architectes","article_modified_time":"2026-03-06T16:52:24+00:00","og_image":[{"width":1600,"height":1280,"url":"http:\/\/gmrrowj.cluster031.hosting.ovh.net\/content\/uploads\/2015\/07\/offc.jpg","type":"image\/jpeg"}],"twitter_card":"summary_large_image","twitter_misc":{"Est. reading time":"1 minute"},"schema":{"@context":"https:\/\/schema.org","@graph":[{"@type":"WebPage","@id":"http:\/\/gmrrowj.cluster031.hosting.ovh.net\/en\/about\/the-office\/","url":"http:\/\/gmrrowj.cluster031.hosting.ovh.net\/en\/about\/the-office\/","name":"Office - h2o architectes","isPartOf":{"@id":"http:\/\/h2oarchitectes.com\/#website"},"primaryImageOfPage":{"@id":"http:\/\/gmrrowj.cluster031.hosting.ovh.net\/en\/about\/the-office\/#primaryimage"},"image":{"@id":"http:\/\/gmrrowj.cluster031.hosting.ovh.net\/en\/about\/the-office\/#primaryimage"},"thumbnailUrl":"http:\/\/h2oarchitectes.com\/content\/uploads\/2015\/07\/offc.jpg","datePublished":"2015-09-22T12:29:08+00:00","dateModified":"2026-03-06T16:52:24+00:00","breadcrumb":{"@id":"http:\/\/gmrrowj.cluster031.hosting.ovh.net\/en\/about\/the-office\/#breadcrumb"},"inLanguage":"en-US","potentialAction":[{"@type":"ReadAction","target":["http:\/\/gmrrowj.cluster031.hosting.ovh.net\/en\/about\/the-office\/"]}]},{"@type":"ImageObject","inLanguage":"en-US","@id":"http:\/\/gmrrowj.cluster031.hosting.ovh.net\/en\/about\/the-office\/#primaryimage","url":"http:\/\/h2oarchitectes.com\/content\/uploads\/2015\/07\/offc.jpg","contentUrl":"http:\/\/h2oarchitectes.com\/content\/uploads\/2015\/07\/offc.jpg","width":1600,"height":1280},{"@type":"BreadcrumbList","@id":"http:\/\/gmrrowj.cluster031.hosting.ovh.net\/en\/about\/the-office\/#breadcrumb","itemListElement":[{"@type":"ListItem","position":1,"name":"Accueil","item":"http:\/\/www.h2oarchitectes.com\/en\/"},{"@type":"ListItem","position":2,"name":"About","item":"http:\/\/www.h2oarchitectes.com\/en\/about\/"},{"@type":"ListItem","position":3,"name":"Office"}]},{"@type":"WebSite","@id":"http:\/\/h2oarchitectes.com\/#website","url":"http:\/\/h2oarchitectes.com\/","name":"h2o architectes","description":"Architectes","potentialAction":[{"@type":"SearchAction","target":{"@type":"EntryPoint","urlTemplate":"http:\/\/h2oarchitectes.com\/?s={search_term_string}"},"query-input":{"@type":"PropertyValueSpecification","valueRequired":true,"valueName":"search_term_string"}}],"inLanguage":"en-US"}]}},"_links":{"self":[{"href":"http:\/\/h2oarchitectes.com\/en\/wp-json\/wp\/v2\/pages\/594","targetHints":{"allow":["GET"]}}],"collection":[{"href":"http:\/\/h2oarchitectes.com\/en\/wp-json\/wp\/v2\/pages"}],"about":[{"href":"http:\/\/h2oarchitectes.com\/en\/wp-json\/wp\/v2\/types\/page"}],"author":[{"embeddable":true,"href":"http:\/\/h2oarchitectes.com\/en\/wp-json\/wp\/v2\/users\/5"}],"replies":[{"embeddable":true,"href":"http:\/\/h2oarchitectes.com\/en\/wp-json\/wp\/v2\/comments?post=594"}],"version-history":[{"count":5,"href":"http:\/\/h2oarchitectes.com\/en\/wp-json\/wp\/v2\/pages\/594\/revisions"}],"predecessor-version":[{"id":5316,"href":"http:\/\/h2oarchitectes.com\/en\/wp-json\/wp\/v2\/pages\/594\/revisions\/5316"}],"up":[{"embeddable":true,"href":"http:\/\/h2oarchitectes.com\/en\/wp-json\/wp\/v2\/pages\/1682"}],"wp:featuredmedia":[{"embeddable":true,"href":"http:\/\/h2oarchitectes.com\/en\/wp-json\/wp\/v2\/media\/1185"}],"wp:attachment":[{"href":"http:\/\/h2oarchitectes.com\/en\/wp-json\/wp\/v2\/media?parent=594"}],"curies":[{"name":"wp","href":"https:\/\/api.w.org\/{rel}","templated":true}]}}